{"id":2,"date":"2014-05-22T10:07:55","date_gmt":"2014-05-22T10:07:55","guid":{"rendered":"https:\/\/www.clinicadentalmosteiro.com\/?page_id=2"},"modified":"2024-02-15T15:27:39","modified_gmt":"2024-02-15T15:27:39","slug":"pagina-ejemplo","status":"publish","type":"page","link":"https:\/\/www.clinicadentalmosteiro.com\/","title":{"rendered":"Cl\u00ednica Dental"},"content":{"rendered":"<h1 style=\"text-align: center;\"><strong>Mosteiro<\/strong><\/h1>\n<p style=\"text-align: center;\">\r\n\t<div class=\"slideshow_container slideshow_container_style-light\" style=\"height: 400px; \" data-slideshow-id=\"87\" data-style-name=\"style-light\" data-style-version=\"2.3.1\" >\r\n\r\n\t\t\t\t\t<div class=\"slideshow_loading_icon\"><\/div>\r\n\t\t\r\n\t\t<div class=\"slideshow_content\" style=\"display: none;\">\r\n\r\n\t\t\t<div class=\"slideshow_view\">\r\n\t\t\t\t<div class=\"slideshow_slide slideshow_slide_image\">\r\n\t\t\t\t\t\t\t\t\t\t\t<img src=\"https:\/\/www.clinicadentalmosteiro.com\/wp-content\/uploads\/2014\/07\/glass.jpg\" alt=\"Nuestras Instalaciones\" width=\"1024\" height=\"768\" \/>\r\n\t\t\t\t\t\t\t\t\t\t<div class=\"slideshow_description_box slideshow_transparent\">\r\n\t\t\t\t\t\t<div class=\"slideshow_title\">Nuestras Instalaciones<\/div>\t\t\t\t\t\t\t\t\t\t\t<\/div>\r\n\t\t\t\t<\/div>\r\n\r\n\t\t\t\t\t\t<div style=\"clear: both;\"><\/div><\/div><div class=\"slideshow_view\">\r\n\t\t\t\t<div class=\"slideshow_slide slideshow_slide_image\">\r\n\t\t\t\t\t\t\t\t\t\t\t<img src=\"https:\/\/www.clinicadentalmosteiro.com\/wp-content\/uploads\/2024\/02\/cfbc756e-9793-418e-8f46-eb890d152901.jpg\" alt=\"Sala de espera\" width=\"738\" height=\"1600\" \/>\r\n\t\t\t\t\t\t\t\t\t\t<div class=\"slideshow_description_box slideshow_transparent\">\r\n\t\t\t\t\t\t<div class=\"slideshow_title\">Sala de espera<\/div>\t\t\t\t\t\t\t\t\t\t\t<\/div>\r\n\t\t\t\t<\/div>\r\n\r\n\t\t\t\t\t\t<div style=\"clear: both;\"><\/div><\/div><div class=\"slideshow_view\">\r\n\t\t\t\t<div class=\"slideshow_slide slideshow_slide_image\">\r\n\t\t\t\t\t\t\t\t\t\t\t<img src=\"https:\/\/www.clinicadentalmosteiro.com\/wp-content\/uploads\/2024\/02\/a11fc16f-d6d5-4a34-80c0-222425242da0.jpg\" alt=\"Entrada\" width=\"1600\" height=\"738\" \/>\r\n\t\t\t\t\t\t\t\t\t\t<div class=\"slideshow_description_box slideshow_transparent\">\r\n\t\t\t\t\t\t<div class=\"slideshow_title\">Entrada<\/div>\t\t\t\t\t\t\t\t\t\t\t<\/div>\r\n\t\t\t\t<\/div>\r\n\r\n\t\t\t\t\t\t<div style=\"clear: both;\"><\/div><\/div><div class=\"slideshow_view\">\r\n\t\t\t\t<div class=\"slideshow_slide slideshow_slide_image\">\r\n\t\t\t\t\t\t\t\t\t\t\t<img src=\"https:\/\/www.clinicadentalmosteiro.com\/wp-content\/uploads\/2024\/02\/salaespera1.jpg\" alt=\"Sala de espera\" width=\"738\" height=\"1600\" \/>\r\n\t\t\t\t\t\t\t\t\t\t<div class=\"slideshow_description_box slideshow_transparent\">\r\n\t\t\t\t\t\t<div class=\"slideshow_title\">Sala de espera<\/div>\t\t\t\t\t\t\t\t\t\t\t<\/div>\r\n\t\t\t\t<\/div>\r\n\r\n\t\t\t\t\t\t<div style=\"clear: both;\"><\/div><\/div><div class=\"slideshow_view\">\r\n\t\t\t\t<div class=\"slideshow_slide slideshow_slide_image\">\r\n\t\t\t\t\t\t\t\t\t\t\t<img src=\"https:\/\/www.clinicadentalmosteiro.com\/wp-content\/uploads\/2024\/02\/9fc14308-aff8-4d03-9e70-9df18f121930.jpg\" alt=\"Gabinete Dental\" width=\"1600\" height=\"738\" \/>\r\n\t\t\t\t\t\t\t\t\t\t<div class=\"slideshow_description_box slideshow_transparent\">\r\n\t\t\t\t\t\t<div class=\"slideshow_title\">Gabinete Dental<\/div>\t\t\t\t\t\t\t\t\t\t\t<\/div>\r\n\t\t\t\t<\/div>\r\n\r\n\t\t\t\t\t\t<div style=\"clear: both;\"><\/div><\/div><div class=\"slideshow_view\">\r\n\t\t\t\t<div class=\"slideshow_slide slideshow_slide_image\">\r\n\t\t\t\t\t\t\t\t\t\t\t<img src=\"https:\/\/www.clinicadentalmosteiro.com\/wp-content\/uploads\/2024\/02\/48c22d7d-8604-4aa3-a0c2-defb1b262a27.jpg\" alt=\"Radiovisiograf\u00eda Digital\" width=\"738\" height=\"1600\" \/>\r\n\t\t\t\t\t\t\t\t\t\t<div class=\"slideshow_description_box slideshow_transparent\">\r\n\t\t\t\t\t\t<div class=\"slideshow_title\">Radiovisiograf\u00eda Digital<\/div>\t\t\t\t\t\t\t\t\t\t\t<\/div>\r\n\t\t\t\t<\/div>\r\n\r\n\t\t\t\t\t\t<div style=\"clear: both;\"><\/div><\/div>\r\n\t\t<\/div>\r\n\r\n\t\t<div class=\"slideshow_controlPanel slideshow_transparent\" style=\"display: none;\"><ul><li class=\"slideshow_togglePlay\" data-play-text=\"Play\" data-pause-text=\"Pause\"><\/li><\/ul><\/div>\r\n\r\n\t\t<div class=\"slideshow_button slideshow_previous slideshow_transparent\" role=\"button\" data-previous-text=\"Previous\" style=\"display: none;\"><\/div>\r\n\t\t<div class=\"slideshow_button slideshow_next slideshow_transparent\" role=\"button\" data-next-text=\"Next\" style=\"display: none;\"><\/div>\r\n\r\n\t\t<div class=\"slideshow_pagination\" style=\"display: none;\" data-go-to-text=\"Go to slide\"><div class=\"slideshow_pagination_center\"><\/div><\/div>\r\n\r\n\t\t<!-- WordPress Slideshow Version 2.3.1 -->\r\n\r\n\t\t\t<\/div>\r\n\r\n<\/p>\n<h3 style=\"text-align: center;\">Un joven equipo, pero con una amplia experiencia, ponemos a su disposici\u00f3n t\u00e9cnicas modernas y eficaces.<\/h3>\n<h4 style=\"text-align: center;\"><strong><em>La calidad al servicio de su salud, m\u00e1s cerca y por menos de lo que imagina.<\/em><\/strong><\/h4>\n<h4 style=\"text-align: center;\"><strong><em>La salud comienza por una boca bien cuidada.<\/em><\/strong><\/h4>\n<address style=\"text-align: center;\">Praza do Mosteiro. 236. Bembrive &#8211; Vigo<\/address>\n<address style=\"text-align: center;\">Tlf. 986 47 20 61<\/address>\n<address style=\"text-align: center;\"><strong>Registro Sanitario N\u00ba: C-36-001697<\/strong><\/address>\n<address><strong>\u00a0 \u00a0 \u00a0 \u00a0 \u00a0 \u00a0 \u00a0 \u00a0 \u00a0 \u00a0 \u00a0 \u00a0 \u00a0 \u00a0 \u00a0 \u00a0 \u00a0 \u00a0 \u00a0 \u00a0 \u00a0 \u00a0 \u00a0 \u00a0 Dra.Gonzalez Iglesias N\u00ba Colegiado: 36001720<\/strong><\/address>\n","protected":false},"excerpt":{"rendered":"<p>Mosteiro Un joven equipo, pero con una amplia experiencia, ponemos a su disposici\u00f3n t\u00e9cnicas modernas y eficaces. La calidad al servicio de su salud, m\u00e1s cerca y por menos de lo que imagina. La salud comienza por una boca bien cuidada. Praza do Mosteiro. 236. Bembrive &#8211; Vigo Tlf. 986 47 20 61 Registro Sanitario [&hellip;]<\/p>\n","protected":false},"author":2,"featured_media":0,"parent":0,"menu_order":0,"comment_status":"closed","ping_status":"closed","template":"","meta":[],"_links":{"self":[{"href":"https:\/\/www.clinicadentalmosteiro.com\/index.php?rest_route=\/wp\/v2\/pages\/2"}],"collection":[{"href":"https:\/\/www.clinicadentalmosteiro.com\/index.php?rest_route=\/wp\/v2\/pages"}],"about":[{"href":"https:\/\/www.clinicadentalmosteiro.com\/index.php?rest_route=\/wp\/v2\/types\/page"}],"author":[{"embeddable":true,"href":"https:\/\/www.clinicadentalmosteiro.com\/index.php?rest_route=\/wp\/v2\/users\/2"}],"replies":[{"embeddable":true,"href":"https:\/\/www.clinicadentalmosteiro.com\/index.php?rest_route=%2Fwp%2Fv2%2Fcomments&post=2"}],"version-history":[{"count":16,"href":"https:\/\/www.clinicadentalmosteiro.com\/index.php?rest_route=\/wp\/v2\/pages\/2\/revisions"}],"predecessor-version":[{"id":139,"href":"https:\/\/www.clinicadentalmosteiro.com\/index.php?rest_route=\/wp\/v2\/pages\/2\/revisions\/139"}],"wp:attachment":[{"href":"https:\/\/www.clinicadentalmosteiro.com\/index.php?rest_route=%2Fwp%2Fv2%2Fmedia&parent=2"}],"curies":[{"name":"wp","href":"https:\/\/api.w.org\/{rel}","templated":true}]}}